{"id":354,"date":"2022-11-02T07:29:18","date_gmt":"2022-11-02T07:29:18","guid":{"rendered":"https:\/\/www.voxxcarpet.com\/?page_id=354"},"modified":"2025-10-01T09:04:53","modified_gmt":"2025-10-01T09:04:53","slug":"kvkk-aydinlatma-metni","status":"publish","type":"page","link":"https:\/\/www.voxxcarpet.com\/index.php\/kvkk-aydinlatma-metni\/","title":{"rendered":"KVKK Ayd\u0131nlatma Metni"},"content":{"rendered":"\n<p><strong>K\u0130\u015e\u0130SEL VER\u0130LER\u0130N KORUNMASI KANUNU HAKKINDA B\u0130LG\u0130LEND\u0130RME METN\u0130&nbsp;<\/strong><\/p>\n\n\n\n<p>\u0130\u015fbu Bilgilendirme Metni\u2019nin<strong>:<\/strong> <strong>G\u00dcM\u00dc\u015eO\u011eU TEKST\u0130L<\/strong> (\u201c\u015eirket\u201d) ve\/veya hizmet sa\u011flay\u0131c\u0131lar\u0131 taraf\u0131ndan i\u015fletilmekte olan internet sitesi (\u201cSite\u201d) \u00fczerinden temin edilen hizmetler s\u0131ras\u0131nda Site kullan\u0131c\u0131lar\u0131\/\u00fcyeleri\/ziyaret\u00e7ileri (\u201cVeri Sahibi\u201d) taraf\u0131ndan \u015eirket ile payla\u015f\u0131lan veya \u015eirket\u2019in Veri Sahibi\u2019nin Site\u2019yi kullan\u0131m\u0131 s\u0131ras\u0131nda \u00fcretti\u011fi ki\u015fisel verilerin kullan\u0131m\u0131na ili\u015fkin ko\u015ful ve \u015fartlar\u0131 tespit etmektir.&nbsp;&nbsp;&nbsp;&nbsp;&nbsp; <a>&nbsp;<\/a><\/p>\n\n\n\n<p><strong>Veri Sahibi, i\u015fbu Bilgilendirme Metni ile ki\u015fisel verilerinin i\u015flenmesine ili\u015fkin olarak ayd\u0131nlat\u0131lm\u0131\u015f oldu\u011funu ve ki\u015fisel verilerinin burada belirtilen \u015fekilde kullan\u0131laca\u011f\u0131n\u0131 bildi\u011fini beyan eder.&nbsp;<\/strong><\/p>\n\n\n\n<p><strong>Hangi Veriler \u0130\u015flenmektedir?<\/strong><\/p>\n\n\n\n<p>\u0130\u015fbu ba\u015fl\u0131k alt\u0131nda, \u015eirket taraf\u0131ndan i\u015flenen ve Ki\u015fisel Verilerin Korunmas\u0131 Kanunu uyar\u0131nca ki\u015fisel veri say\u0131lan verilerin hangileri oldu\u011fu, say\u0131lanlarla s\u0131n\u0131rl\u0131 olmamak \u00fczere, a\u015fa\u011f\u0131da belirtilmi\u015ftir. Aksi a\u00e7\u0131k\u00e7a belirtilmedik\u00e7e, i\u015fbu Bilgilendirme Metni kapsam\u0131nda arz edilen h\u00fck\u00fcm ve ko\u015fullar kapsam\u0131nda \u201cki\u015fisel veri\u201d ifadesi a\u015fa\u011f\u0131da yer alan bilgileri kapsayacakt\u0131r.&nbsp;<\/p>\n\n\n\n<ul>\n<li>Kimlik Bilgisi<\/li>\n\n\n\n<li>\u0130leti\u015fim Bilgisi<\/li>\n\n\n\n<li>M\u00fc\u015fteri \u0130\u015flem Bilgisi<\/li>\n<\/ul>\n\n\n\n<p>\u015eirket, Veri Sahibi\u2019nin Site\u2019yi kullan\u0131m\u0131 ile ilgili bilgileri teknik bir ileti\u015fim dosyas\u0131 olan \u00e7erezleri (Cookie) kullanarak elde edebilmekte olup Site \u00fczerinde sunulmakta olan hizmetlere eri\u015fim ve kullan\u0131m al\u0131\u015fkanl\u0131klar\u0131n\u0131n tespit edilmesi i\u00e7in \u00e7erez yoluyla IP bilgileri toplanmaktad\u0131r.&nbsp;&nbsp;&nbsp;&nbsp;&nbsp;&nbsp;&nbsp;&nbsp;&nbsp;&nbsp;<\/p>\n\n\n\n<p>Ki\u015fisel Verilerin Korunmas\u0131 Kanunu\u2019nun 3 ve 7. maddesi dairesince, geri d\u00f6nd\u00fcr\u00fclemeyecek \u015fekilde anonim hale getirilen veriler, an\u0131lan kanun h\u00fck\u00fcmleri uyar\u0131nca ki\u015fisel veri olarak kabul edilmeyecek ve bu verilere ili\u015fkin i\u015fleme faaliyetleri i\u015fbu Bilgilendirme Metni h\u00fck\u00fcmleri ile ba\u011fl\u0131 olmaks\u0131z\u0131n ger\u00e7ekle\u015ftirecektir.<\/p>\n\n\n\n<p><strong>Veriler Hangi Ama\u00e7larla Kullan\u0131lmaktad\u0131r?<\/strong><\/p>\n\n\n\n<p>\u015eirket, Veri Sahibi taraf\u0131ndan sa\u011flanan ki\u015fisel verileri, internet sitelerinde sunulan \u00fcr\u00fcn ve hizmetlerden faydalan\u0131lmas\u0131, \u00fcr\u00fcn ve hizmetlere ili\u015fkin bildirimlerin ve g\u00fcncellemelerin veri sahiplerine iletilmesi, siteler \u00fczerinden iletilen mesajlar\u0131n de\u011ferlendirilmesi, bilgi taleplerinin kar\u015f\u0131lanmas\u0131, \u015fikayetlerin olu\u015fturulmas\u0131, i\u015flenmesi ve sonu\u00e7land\u0131r\u0131lmas\u0131, sat\u0131\u015f sonras\u0131 hizmetlerin sa\u011flanmas\u0131, \u015eirket \u00fcr\u00fcn ve hizmetlerine ili\u015fkin bilgi taleplerinin kar\u015f\u0131lanmas\u0131, ilgilenilen \u00fcr\u00fcn ve hizmetlere ili\u015fkin bildirimlerin ve g\u00fcncellemelerin veri sahiplerine iletilmesi, taleplere istinaden \u015eirket \u00fcr\u00fcn ve hizmetlerine ili\u015fkin bilgilerin veri sahipleri taraf\u0131ndan sa\u011flanan ileti\u015fim adreslerine g\u00f6nderilmesi, test s\u00fcr\u00fc\u015f taleplerinin al\u0131nmas\u0131, test s\u00fcr\u00fc\u015f\u00fcn\u00fcn ger\u00e7ekle\u015ftirilmesi ve bu kapsamda veri sahipleri ile ileti\u015fime ge\u00e7ilmesi, ilgilenilen araca ili\u015fkin bilgileri edinebilmesi, di\u011fer bilgi taleplerinin kar\u015f\u0131lanmas\u0131, ilgili bayi ile temas kurabilmesi ve bu kapsamda veri sahipleri ile ileti\u015fime ge\u00e7ilebilmesi, m\u00fc\u015fteri ar\u0131zal\u0131 ara\u00e7 yard\u0131m taleplerinin al\u0131nmas\u0131, ar\u0131zal\u0131 arac\u0131n bulundu\u011fu yere yard\u0131m y\u00f6nlendirilmesi ve bu kapsamda sat\u0131\u015f sonras\u0131 hizmetlerinin sa\u011flanmas\u0131 ama\u00e7lar\u0131 dahil ticari faaliyetlerinin y\u00fcr\u00fct\u00fclmesi, ticari ve i\u015f stratejilerinin belirlenmesi ve uygulanmas\u0131, \u015eirketimiz ve \u015eirketimizle i\u015f ili\u015fkisi i\u00e7inde olan ki\u015filerin hukuki, teknik ve ticari g\u00fcvenli\u011finin temininin sa\u011flanmas\u0131 ve bu kapsamda Veri Sahibi\u2019ne gerekli bilgilendirilmelerin yap\u0131lmas\u0131 ve bu faaliyetlerin do\u011fas\u0131ndan kaynaklanan y\u00fck\u00fcml\u00fcl\u00fcklerin yerine getirilmesi i\u00e7in i\u015flemektedir. &nbsp;<\/p>\n\n\n\n<p>\u015eirket ayr\u0131ca, bahsi ge\u00e7en ki\u015fisel verileri sundu\u011fu hizmetlerin iyile\u015ftirilmesi, hizmetin geli\u015ftirilmesi ve bu kapsamda Veri Sahibi\u2019ne gerekli bilgilendirilmelerin yap\u0131lmas\u0131 ve sundu\u011fu hizmetlerin do\u011fas\u0131ndan kaynaklanan y\u00fck\u00fcml\u00fcl\u00fcklerin yerine getirilmesi i\u00e7in i\u015flemektedir.<\/p>\n\n\n\n<p>S\u00f6z konusu ki\u015fisel bilgiler Veri Sahibi ile temas kurmak veya Veri Sahibi\u2019nin Site\u2019deki tecr\u00fcbesini iyile\u015ftirmek (mevcut hizmetlerin geli\u015ftirilmesi, yeni hizmetler olu\u015fturulmas\u0131 ve ki\u015fiye \u00f6zel hizmetler sunulmas\u0131 gibi) amac\u0131yla kullan\u0131laca\u011f\u0131 gibi, \u015eirket raporlama ve i\u015f geli\u015ftirme faaliyetleri kapsam\u0131nda kullan\u0131lacak, Veri Sahibi\u2019nin kimli\u011fi if\u015fa edilmeden \u00e7e\u015fitli istatistiksel de\u011ferlendirmeler yapma, veri taban\u0131 olu\u015fturma ve pazar ara\u015ft\u0131rmalar\u0131nda bulunma amac\u0131yla da kullan\u0131lacakt\u0131r. S\u00f6z konusu bilgiler \u015eirket ve i\u015fbirli\u011finde oldu\u011fu ki\u015filer -ba\u015fta G\u00fcm\u00fc\u015fo\u011flu Tekstil Sanayi Anonim \u015eirketi olmak \u00fczere- taraf\u0131ndan ilgili ki\u015finin a\u00e7\u0131k r\u0131zas\u0131n\u0131n bulunmas\u0131 halinde do\u011frudan pazarlama yapmak amac\u0131yla i\u015flenecek, saklan\u0131lacak, \u00fc\u00e7\u00fcnc\u00fc ki\u015filere aktar\u0131lacak ve s\u00f6z konusu bilgiler \u00fczerinden \u00e7e\u015fitli uygulama, \u00fcr\u00fcn ve hizmetlerin tan\u0131t\u0131m\u0131, bak\u0131m ve destek faaliyetlerine ili\u015fkin bildirimlerde bulunma amac\u0131yla Veri Sahibi ile ileti\u015fime ge\u00e7ilecektir.<\/p>\n\n\n\n<p>\u015eirket ayr\u0131ca, Ki\u015fisel Verilerin korunmas\u0131 Kanunu\u2019nun 5 ve 8. maddeleri uyar\u0131nca ve\/veya ilgili mevzuattaki istisnalar\u0131n varl\u0131\u011f\u0131 halinde ki\u015fisel verileri Veri Sahibi\u2019nin ayr\u0131ca r\u0131zas\u0131n\u0131 almaks\u0131z\u0131n i\u015fleyebilecek ve \u00fc\u00e7\u00fcnc\u00fc ki\u015filere aktarmaktad\u0131r. Bu durumlar\u0131n ba\u015fl\u0131calar\u0131 a\u015fa\u011f\u0131da belirtilmi\u015ftir:<\/p>\n\n\n\n<ul>\n<li>Kanunlarda a\u00e7\u0131k\u00e7a \u00f6ng\u00f6r\u00fclmesi,<\/li>\n\n\n\n<li>Fiili imk\u00e2ns\u0131zl\u0131k nedeniyle r\u0131zas\u0131n\u0131 a\u00e7\u0131klayamayacak durumda bulunan veya r\u0131zas\u0131na hukuki ge\u00e7erlilik tan\u0131nmayan ki\u015finin kendisinin ya da bir ba\u015fkas\u0131n\u0131n hayat\u0131 veya beden b\u00fct\u00fcnl\u00fc\u011f\u00fcn\u00fcn korunmas\u0131 i\u00e7in zorunlu olmas\u0131,<\/li>\n\n\n\n<li>Veri Sahibi ile \u015eirket aras\u0131nda herhangi bir s\u00f6zle\u015fmenin kurulmas\u0131 veya ifas\u0131yla do\u011frudan do\u011fruya ilgili olmas\u0131 kayd\u0131yla, ki\u015fisel verilerin i\u015flenmesinin gerekli olmas\u0131,<\/li>\n\n\n\n<li>Hukuki y\u00fck\u00fcml\u00fcl\u00fcklerin yerine getirebilmesi i\u00e7in zorunlu olmas\u0131,<\/li>\n\n\n\n<li>Veri Sahibi\u2019nin kendisi taraf\u0131ndan alenile\u015ftirilmi\u015f olmas\u0131,<\/li>\n\n\n\n<li>Bir hakk\u0131n tesisi, kullan\u0131lmas\u0131 veya korunmas\u0131 i\u00e7in veri i\u015flemenin zorunlu olmas\u0131,<\/li>\n\n\n\n<li>Veri Sahibi\u2019nin temel hak ve \u00f6zg\u00fcrl\u00fcklerine zarar vermemek kayd\u0131yla, \u015eirket\u2019in me\u015fru menfaatleri i\u00e7in veri i\u015flenmesinin zorunlu olmas\u0131.<\/li>\n<\/ul>\n\n\n\n<p>Yukar\u0131da da belirtildi\u011fi \u00fczere \u015eirket, \u00e7erez (Cookie) kullanmaktad\u0131r ve bu kapsamda veri i\u015fleyerek \u00fc\u00e7\u00fcnc\u00fc ki\u015filer taraf\u0131ndan sunulan analiz hizmetleri kapsam\u0131nda i\u015flenmesi amac\u0131yla sadece bu analiz hizmetlerinin gerektirdi\u011fi \u00f6l\u00e7\u00fcde kullan\u0131lmas\u0131 amac\u0131yla \u00fc\u00e7\u00fcnc\u00fc ki\u015filere aktarmaktad\u0131r. Bahsi ge\u00e7en teknik ileti\u015fim dosyalar\u0131, ana bellekte saklanmak \u00fczere Site\u2019nin Veri Sahibi taray\u0131c\u0131s\u0131na (browser) g\u00f6nderdi\u011fi k\u00fc\u00e7\u00fck metin dosyalar\u0131d\u0131r. Teknik ileti\u015fim dosyas\u0131 bir web sitesi hakk\u0131nda durum ve tercih ayarlar\u0131n\u0131 saklayarak internetin kullan\u0131m\u0131n\u0131 bu anlamda kolayla\u015ft\u0131r\u0131r. Teknik ileti\u015fim dosyas\u0131, internet sitelerini zamansal oranlamal\u0131 olarak ka\u00e7 ki\u015finin kulland\u0131\u011f\u0131n\u0131, bir ki\u015finin herhangi bir internet sitesini hangi ama\u00e7la, ka\u00e7 kez ziyaret etti\u011fi ve ne kadar kald\u0131\u011f\u0131 hakk\u0131nda istatistiksel bilgileri elde etmek ve Kullan\u0131c\u0131lar i\u00e7in \u00f6zel tasarlanm\u0131\u015f kullan\u0131c\u0131 sayfalar\u0131ndan dinamik olarak reklam ve i\u00e7erik \u00fcretilmesine yard\u0131mc\u0131 olmak \u00fczere tasarlanm\u0131\u015f olup, bu ama\u00e7larla kullan\u0131lmaktad\u0131r. Teknik ileti\u015fim dosyas\u0131, ana bellekten ba\u015fkaca herhangi bir ki\u015fisel veri almak i\u00e7in tasarlanmam\u0131\u015ft\u0131r. Taray\u0131c\u0131lar\u0131n pek \u00e7o\u011fu ba\u015fta teknik ileti\u015fim dosyas\u0131n\u0131 kabul eder bi\u00e7imde tasarlanm\u0131\u015ft\u0131r, ancak kullan\u0131c\u0131lar dilerse teknik ileti\u015fim dosyas\u0131n\u0131n gelmemesi veya teknik ileti\u015fim dosyas\u0131n\u0131n g\u00f6nderildi\u011finde ikaz verilmesini sa\u011flayacak bi\u00e7imde taray\u0131c\u0131 ayarlar\u0131n\u0131 her zaman i\u00e7in de\u011fi\u015ftirebilirler. \u015eirket ayr\u0131ca, online davran\u0131\u015fsal reklamc\u0131l\u0131k ve pazarlama yap\u0131labilmesi amac\u0131yla Veri Sahibi\u2019nin sitedeki davran\u0131\u015flar\u0131n\u0131 taray\u0131c\u0131da bulunan bir cookie (\u00e7erez) ile ili\u015fkilendirme ve g\u00f6r\u00fcnt\u00fclenen sayfa say\u0131s\u0131, ziyaret s\u00fcresi ve hedef tamamlama say\u0131s\u0131 gibi metrikleri temel alan yeniden pazarlama listeleri tan\u0131mlama hakk\u0131n\u0131 haizdir. Daha sonra Veri Sahibi\u2019ne Site\u2019de ya da g\u00f6r\u00fcnt\u00fcl\u00fc reklam a\u011f\u0131ndaki di\u011fer sitelerde ilgi alanlar\u0131na g\u00f6re hedefe y\u00f6nelik reklam i\u00e7eri\u011fi g\u00f6sterilebilir.<\/p>\n\n\n\n<p><strong>Verilere Kimler Eri\u015febilmektedir?<\/strong><\/p>\n\n\n\n<p>\u015eirket, Veri Sahibi\u2019ne ait ki\u015fisel verileri ve bu ki\u015fisel verileri kullan\u0131larak elde etti\u011fi yeni verileri, Veri Sahibi\u2019ne i\u015fbu Bilgilendirme Metni ile belirtti\u011fi ama\u00e7lar\u0131n ger\u00e7ekle\u015ftirilebilmesi i\u00e7in \u015eirket\u2019in hizmetlerinden faydaland\u0131\u011f\u0131 \u00fc\u00e7\u00fcnc\u00fc ki\u015filere, s\u00f6z konusu hizmetlerin temini amac\u0131yla s\u0131n\u0131rl\u0131 olmak \u00fczere aktarmaktad\u0131r. Bu \u00fc\u00e7\u00fcnc\u00fc ki\u015filer de veri sorumlusu sorumluluklar\u0131 \u00f6l\u00e7\u00fcs\u00fcnde sorumludur.<\/p>\n\n\n\n<p>\u015eirket, Veri Sahibi deneyiminin geli\u015ftirilmesi (iyile\u015ftirme ve ki\u015fiselle\u015ftirme d\u00e2hil), Veri Sahibi\u2019nin g\u00fcvenli\u011fini sa\u011flamak, hileli ya da izinsiz kullan\u0131mlar\u0131 tespit etmek, operasyonel de\u011ferlendirme ara\u015ft\u0131r\u0131lmas\u0131, Site veya \u015eirket hizmetlerine ili\u015fkin hatalar\u0131n giderilmesi ve i\u015fbu Bilgilendirme Metni\u2019nde yer alan ama\u00e7lardan herhangi birisini ger\u00e7ekle\u015ftirebilmek i\u00e7in SMS g\u00f6nderimi yapanlar da dahil olmak \u00fczere, G\u00fcm\u00fc\u015fo\u011flu Tekstil Sanayi ve Ticaret Anonim \u015eirketi, d\u0131\u015f kaynak hizmet sa\u011flay\u0131c\u0131lar\u0131, bar\u0131nd\u0131rma hizmet sa\u011flay\u0131c\u0131lar\u0131 (<em>hosting <\/em>servisleri<em>)<\/em>, hukuk b\u00fcrolar\u0131, ara\u015ft\u0131rma \u015firketleri, i\u015f ortaklar\u0131, tedarik\u00e7iler, \u015firket hissedarlar\u0131, \u00e7a\u011fr\u0131 merkezleri gibi \u00fc\u00e7\u00fcnc\u00fc ki\u015filer ile payla\u015fmaktad\u0131r.<\/p>\n\n\n\n<p><strong>Ki\u015fisel Verilerin Korunmas\u0131 Kanunu 11. Maddesi Kapsam\u0131nda Veri Sahibinin Haklar\u0131<\/strong><\/p>\n\n\n\n<p>Veri Sahibi, \u015eirket\u2019e ba\u015fvurarak kendisiyle ilgili;<\/p>\n\n\n\n<ul>\n<li>Ki\u015fisel veri i\u015flenip i\u015flenmedi\u011fini \u00f6\u011frenme,<\/li>\n\n\n\n<li>Ki\u015fisel verileri i\u015flenmi\u015fse buna ili\u015fkin bilgi talep etme,<\/li>\n\n\n\n<li>Ki\u015fisel verilerin i\u015flenme amac\u0131n\u0131 ve bunlar\u0131n amac\u0131na uygun kullan\u0131l\u0131p kullan\u0131lmad\u0131\u011f\u0131n\u0131 \u00f6\u011frenme,<\/li>\n\n\n\n<li>Yurt i\u00e7inde veya yurt d\u0131\u015f\u0131nda ki\u015fisel verilerin aktar\u0131ld\u0131\u011f\u0131 \u00fc\u00e7\u00fcnc\u00fc ki\u015fileri bilme,<\/li>\n\n\n\n<li>Ki\u015fisel verilerin eksik veya yanl\u0131\u015f i\u015flenmi\u015f olmas\u0131 halinde bunlar\u0131n d\u00fczeltilmesini isteme,<\/li>\n\n\n\n<li>\u0130lgili mevzuatta \u00f6ng\u00f6r\u00fclen \u015fartlar \u00e7er\u00e7evesinde ki\u015fisel verilerin silinmesini veya yok edilmesini isteme,<\/li>\n\n\n\n<li>\u0130lgili mevzuat uyar\u0131nca yap\u0131lan d\u00fczeltme, silme ve yok edilme i\u015flemlerinin, ki\u015fisel verilerin aktar\u0131ld\u0131\u011f\u0131 \u00fc\u00e7\u00fcnc\u00fc ki\u015filere bildirilmesini isteme,<\/li>\n\n\n\n<li>\u0130\u015flenen verilerin m\u00fcnhas\u0131ran otomatik sistemler vas\u0131tas\u0131yla analiz edilmesi suretiyle ki\u015finin kendisi aleyhine bir sonucun ortaya \u00e7\u0131kmas\u0131na itiraz etme,<\/li>\n\n\n\n<li>Ki\u015fisel verilerin kanuna ayk\u0131r\u0131 olarak i\u015flenmesi sebebiyle zarara u\u011framas\u0131 halinde zarar\u0131n giderilmesini talep etme,<\/li>\n<\/ul>\n\n\n\n<p>haklar\u0131na sahiptir.<\/p>\n\n\n\n<p>Ki\u015fisel veri sahipleri olarak, haklar\u0131n\u0131za ili\u015fkin taleplerinizi a\u015fa\u011f\u0131da d\u00fczenlenen y\u00f6ntemlerle \u015eirket\u2019e iletmeniz durumunda \u015eirket talebin niteli\u011fine g\u00f6re talebi en k\u0131sa s\u00fcrede ve en ge\u00e7 otuz g\u00fcn i\u00e7inde sonu\u00e7land\u0131racakt\u0131r. Verilecek cevapta on sayfaya kadar \u00fccret al\u0131nmayacakt\u0131r. On sayfan\u0131n \u00fczerindeki her sayfa i\u00e7in 1 T\u00fcrk Liras\u0131 i\u015flem \u00fccreti al\u0131nacakt\u0131r. Ba\u015fvuruya cevab\u0131n CD, flash bellek gibi bir kay\u0131t ortam\u0131nda verilmesi halinde \u015eirket taraf\u0131ndan talep edilebilecek \u00fccret kay\u0131t ortam\u0131n\u0131n maliyetini ge\u00e7meyecektir.<\/p>\n\n\n\n<p>Yukar\u0131da belirtilen haklar\u0131n\u0131z\u0131 kullanma ile ilgili talebinizi, 6698 say\u0131l\u0131 Kanun\u2019un 13. maddesinin 1. f\u0131kras\u0131 ve 30356 say\u0131l\u0131&nbsp;&nbsp; ve 10.03.2018 tarihli Veri Sorumlusuna Ba\u015fvuru Usul ve Esaslar\u0131 Hakk\u0131nda Tebli\u011f gere\u011fince T\u00fcrk\u00e7e ve yaz\u0131l\u0131 olarak veya kay\u0131tl\u0131 elektronik posta (KEP) adresi, g\u00fcvenli elektronik imza, mobil imza ya da \u015eirket\u2019e daha \u00f6nce bildirilen ve sistemimizde kay\u0131tl\u0131 bulunan elektronik posta adresini kullanmak suretiyle iletebilirsiniz. \u015eirket\u2019in cevap vermeden \u00f6nce kimli\u011finizi do\u011frulama hakk\u0131 sakl\u0131d\u0131r.<\/p>\n\n\n\n<p>Ba\u015fvurunuzda;<\/p>\n\n\n\n<ol style=\"list-style-type:lower-alpha\">\n<li>bulunmas\u0131 zorunlu olup varsa konuya ili\u015fkin bilgi ve belgelerin de ba\u015fvuruya eklenmesi gerekmektedir.<\/li>\n<\/ol>\n\n\n\n<p>Yaz\u0131l\u0131 olarak yapmak istedi\u011finiz ba\u015fvurular\u0131n\u0131z\u0131, gerekli belgeleri ekleyerek veri sorumlusu olarak \u015eirketimizin 5. Org. San. B\u00f6l. 83567 Nolu Cd. No:8 \u015eehitkamil Gaziantep adresine verebilirsiniz.<\/p>\n\n\n\n<p>E-posta yoluyla yapmak istedi\u011finiz ba\u015fvurular\u0131n\u0131z\u0131 info@silvercarpet.com.tr e-posta adresine yapabilirsiniz.<\/p>\n\n\n\n<p>KEP yoluyla yapmak istedi\u011finiz ba\u015fvurular\u0131n\u0131z\u0131 gumusogluas@hs01.kep.tr&nbsp; KEP adresimize yapabilirsiniz.<\/p>\n\n\n\n<p>Talebinizin niteli\u011fine g\u00f6re bilgi ve belgelerin eksiksiz ve do\u011fru olarak taraf\u0131m\u0131za sa\u011flanmas\u0131 gerekmektedir.<\/p>\n\n\n\n<p>\u0130stenilen bilgi ve belgelerin gere\u011fi gibi sa\u011flanmamas\u0131 durumunda, \u015eirket taraf\u0131ndan talebinize istinaden yap\u0131lacak ara\u015ft\u0131rmalar\u0131n tam ve nitelikli \u015fekilde y\u00fcr\u00fct\u00fclmesinde aksakl\u0131klar ya\u015fanabilecektir. Bu durumda, \u015eirket kanuni haklar\u0131n\u0131 sakl\u0131 tuttu\u011funu beyan eder. Bu nedenle, ba\u015fvurunuzun talebinizin niteli\u011fine g\u00f6re eksiksiz ve istenilen bilgileri ve belgeleri i\u00e7erecek \u015fekilde g\u00f6nderilmesi gerekmektedir.<\/p>\n\n\n\n<p>Veri Sahibi, i\u015fbu Bilgilendirme Metni\u2019ne konu bilgilerinin tam, do\u011fru ve g\u00fcncel oldu\u011funu, bu bilgilerde herhangi bir de\u011fi\u015fiklik olmas\u0131 halinde bunlar\u0131 derhal g\u00fcncelleyece\u011fini taahh\u00fct eder. Veri Sahibi\u2019n\u0131n g\u00fcncel bilgileri sa\u011flamam\u0131\u015f olmas\u0131 halinde \u015eirket\u2019in herhangi bir sorumlulu\u011fu olmayacakt\u0131r.<\/p>\n\n\n\n<p>Veri Sahibi, herhangi bir ki\u015fisel verisinin \u015eirket taraf\u0131ndan kullan\u0131lamamas\u0131 ile sonu\u00e7lanacak bir talepte bulunmas\u0131 halinde \u015eirket\u2019in kendisine taahh\u00fct etti\u011fi hizmetlerden tam olarak faydalanamayabilece\u011fini kabul ile bu kapsamda do\u011facak her t\u00fcrl\u00fc sorumlulu\u011fun kendisine ait olaca\u011f\u0131n\u0131 beyan eder.&nbsp;<\/p>\n\n\n\n<p><strong>Ki\u015fisel Verilerin Saklama S\u00fcresi<\/strong><\/p>\n\n\n\n<p>\u015eirket, Veri Sahibi taraf\u0131ndan sa\u011flanan ki\u015fisel verileri, yukar\u0131da belirtilen i\u015fleme ama\u00e7lar\u0131n\u0131n gerektirdi\u011fi s\u00fcre boyunca saklayacakt\u0131r. Bu s\u00fcre \u015firket politikam\u0131z gere\u011fi \u00fc\u00e7 (3) ay olarak belirlenmi\u015ftir<\/p>\n\n\n\n<p>Buna ek olarak, \u015eirket, Veri Sahibi ile aras\u0131nda do\u011fabilecek herhangi bir uyu\u015fmazl\u0131k durumunda, uyu\u015fmazl\u0131k kapsam\u0131nda gerekli savunmalar\u0131n ger\u00e7ekle\u015ftirilebilmesi amac\u0131yla s\u0131n\u0131rl\u0131 olmak \u00fczere ve ilgili mevzuat uyar\u0131nca belirlenen zamana\u015f\u0131m\u0131 s\u00fcreleri boyunca ki\u015fisel verileri saklayabilecektir.<\/p>\n\n\n\n<p><strong>Veri G\u00fcvenli\u011fine \u0130li\u015fkin \u00d6nlemler ve Taahh\u00fctler<\/strong><\/p>\n\n\n\n<p>\u015eirket, ilgili mevzuatta belirlenen veya i\u015fbu Bilgilendirme Metni\u2019nde ifade edilen \u015fartlarda,<\/p>\n\n\n\n<ul>\n<li>ki\u015fisel verilerin hukuka ayk\u0131r\u0131 olarak i\u015flenmemesini,<\/li>\n\n\n\n<li>ki\u015fisel verilere hukuka ayk\u0131r\u0131 olarak eri\u015filmemesini ve<\/li>\n\n\n\n<li>ki\u015fisel verilerin muhafazas\u0131n\u0131<\/li>\n<\/ul>\n\n\n\n<p>sa\u011flamak amac\u0131yla uygun g\u00fcvenlik d\u00fczeyini temin etmeye y\u00f6nelik gerekli teknik ve idari tedbirleri almay\u0131, gerekli denetimleri yapt\u0131rmay\u0131 taahh\u00fct eder.<\/p>\n\n\n\n<p>\u015eirket, Veri Sahibi hakk\u0131nda elde etti\u011fi ki\u015fisel verileri bu i\u015fbu Bilgilendirme Metni ve Ki\u015fisel Verilerin Korunmas\u0131 Kanunu h\u00fck\u00fcmlerine ayk\u0131r\u0131 olarak ba\u015fkas\u0131na a\u00e7\u0131klayamaz ve i\u015fleme amac\u0131 d\u0131\u015f\u0131nda kullanamaz.<\/p>\n\n\n\n<p>Site \u00fczerinden ba\u015fka uygulamalara link verilmesi halinde, \u015eirket uygulamalar\u0131n gizlilik politikalar\u0131 ve i\u00e7eriklerine y\u00f6nelik herhangi bir sorumluluk ta\u015f\u0131mamaktad\u0131r.<\/p>\n\n\n\n<p><strong>Bilgilendirme Metni\u2019ndeki De\u011fi\u015fiklikler<\/strong><\/p>\n\n\n\n<p>\u015eirket, i\u015fbu Bilgilendirme Metni h\u00fck\u00fcmlerini diledi\u011fi zaman de\u011fi\u015ftirebilir. G\u00fcncel Bilgilendirme Metni, Veri Sahibi\u2019ne herhangi bir y\u00f6ntemle sunuldu\u011fu tarihte y\u00fcr\u00fcrl\u00fck kazan\u0131r.<\/p>\n\n\n\n<p><\/p>\n","protected":false},"excerpt":{"rendered":"<p>K\u0130\u015e\u0130SEL VER\u0130LER\u0130N KORUNMASI KANUNU HAKKINDA B\u0130LG\u0130LEND\u0130RME METN\u0130&nbsp; \u0130\u015fbu Bilgilendirme Metni\u2019nin: G\u00dcM\u00dc\u015eO\u011eU TEKST\u0130L (\u201c\u015eirket\u201d) ve\/veya hizmet sa\u011flay\u0131c\u0131lar\u0131 taraf\u0131ndan i\u015fletilmekte olan internet sitesi (\u201cSite\u201d) \u00fczerinden temin edilen hizmetler s\u0131ras\u0131nda Site kullan\u0131c\u0131lar\u0131\/\u00fcyeleri\/ziyaret\u00e7ileri (\u201cVeri Sahibi\u201d) taraf\u0131ndan \u015eirket ile payla\u015f\u0131lan veya \u015eirket\u2019in Veri Sahibi\u2019nin Site\u2019yi kullan\u0131m\u0131 s\u0131ras\u0131nda \u00fcretti\u011fi ki\u015fisel verilerin kullan\u0131m\u0131na ili\u015fkin ko\u015ful ve \u015fartlar\u0131 tespit etmektir.&nbsp;&nbsp;&nbsp;&nbsp;&nbsp; &nbsp; Veri Sahibi,&hellip;<\/p>\n","protected":false},"author":1,"featured_media":0,"parent":0,"menu_order":0,"comment_status":"closed","ping_status":"closed","template":"","meta":{"footnotes":""},"_links":{"self":[{"href":"https:\/\/www.voxxcarpet.com\/index.php\/wp-json\/wp\/v2\/pages\/354"}],"collection":[{"href":"https:\/\/www.voxxcarpet.com\/index.php\/wp-json\/wp\/v2\/pages"}],"about":[{"href":"https:\/\/www.voxxcarpet.com\/index.php\/wp-json\/wp\/v2\/types\/page"}],"author":[{"embeddable":true,"href":"https:\/\/www.voxxcarpet.com\/index.php\/wp-json\/wp\/v2\/users\/1"}],"replies":[{"embeddable":true,"href":"https:\/\/www.voxxcarpet.com\/index.php\/wp-json\/wp\/v2\/comments?post=354"}],"version-history":[{"count":4,"href":"https:\/\/www.voxxcarpet.com\/index.php\/wp-json\/wp\/v2\/pages\/354\/revisions"}],"predecessor-version":[{"id":377,"href":"https:\/\/www.voxxcarpet.com\/index.php\/wp-json\/wp\/v2\/pages\/354\/revisions\/377"}],"wp:attachment":[{"href":"https:\/\/www.voxxcarpet.com\/index.php\/wp-json\/wp\/v2\/media?parent=354"}],"curies":[{"name":"wp","href":"https:\/\/api.w.org\/{rel}","templated":true}]}}