{"id":36,"date":"2021-12-17T06:43:04","date_gmt":"2021-12-17T06:43:04","guid":{"rendered":"https:\/\/www.voxxcarpet.com\/?page_id=36"},"modified":"2022-01-12T12:23:56","modified_gmt":"2022-01-12T12:23:56","slug":"e-catalog","status":"publish","type":"page","link":"https:\/\/www.voxxcarpet.com\/index.php\/e-catalog\/","title":{"rendered":"e-catalog"},"content":{"rendered":"\n<div data-wp-interactive=\"\" class=\"wp-block-file alignfull\"><object data-wp-bind--hidden=\"!selectors.core.file.hasPdfPreview\" hidden class=\"wp-block-file__embed\" data=\"https:\/\/www.voxxcarpet.com\/wp-content\/uploads\/2021\/12\/voxx_catalog-small.pdf\" type=\"application\/pdf\" style=\"width:100%;height:700px\" aria-label=\"PDF g\u00f6mme g\u00f6m\u00fcs\u00fc.\"><\/object><a href=\"https:\/\/www.voxxcarpet.com\/wp-content\/uploads\/2021\/12\/voxx_catalog-small.pdf\" class=\"wp-block-file__button\" download><\/a><\/div>\n\n\n\n<div class=\"wp-block-buttons is-content-justification-center is-layout-flex wp-block-buttons-is-layout-flex\">\n<div class=\"wp-block-button has-custom-width wp-block-button__width-50 is-style-outline\"><a class=\"wp-block-button__link\" href=\"https:\/\/www.voxxcarpet.com\/wp-content\/uploads\/2021\/12\/voxx_catalog-large.pdf\" style=\"border-radius:50px\" target=\"_blank\" rel=\"noreferrer noopener\">View High Resolution e-Catalog<\/a><\/div>\n<\/div>\n","protected":false},"excerpt":{"rendered":"","protected":false},"author":1,"featured_media":0,"parent":0,"menu_order":0,"comment_status":"closed","ping_status":"closed","template":"page-templates\/full.php","meta":{"footnotes":""},"_links":{"self":[{"href":"https:\/\/www.voxxcarpet.com\/index.php\/wp-json\/wp\/v2\/pages\/36"}],"collection":[{"href":"https:\/\/www.voxxcarpet.com\/index.php\/wp-json\/wp\/v2\/pages"}],"about":[{"href":"https:\/\/www.voxxcarpet.com\/index.php\/wp-json\/wp\/v2\/types\/page"}],"author":[{"embeddable":true,"href":"https:\/\/www.voxxcarpet.com\/index.php\/wp-json\/wp\/v2\/users\/1"}],"replies":[{"embeddable":true,"href":"https:\/\/www.voxxcarpet.com\/index.php\/wp-json\/wp\/v2\/comments?post=36"}],"version-history":[{"count":12,"href":"https:\/\/www.voxxcarpet.com\/index.php\/wp-json\/wp\/v2\/pages\/36\/revisions"}],"predecessor-version":[{"id":233,"href":"https:\/\/www.voxxcarpet.com\/index.php\/wp-json\/wp\/v2\/pages\/36\/revisions\/233"}],"wp:attachment":[{"href":"https:\/\/www.voxxcarpet.com\/index.php\/wp-json\/wp\/v2\/media?parent=36"}],"curies":[{"name":"wp","href":"https:\/\/api.w.org\/{rel}","templated":true}]}}