{"id":40,"date":"2021-12-17T06:43:48","date_gmt":"2021-12-17T06:43:48","guid":{"rendered":"https:\/\/www.voxxcarpet.com\/?page_id=40"},"modified":"2021-12-17T11:30:45","modified_gmt":"2021-12-17T11:30:45","slug":"contact","status":"publish","type":"page","link":"https:\/\/www.voxxcarpet.com\/index.php\/contact\/","title":{"rendered":"Contact"},"content":{"rendered":"\n<figure class=\"wp-block-image size-large is-style-rounded\"><img loading=\"lazy\" decoding=\"async\" width=\"1024\" height=\"256\" src=\"https:\/\/www.voxxcarpet.com\/wp-content\/uploads\/2021\/12\/VoxBanners2-1-1024x256.gif\" alt=\"\" class=\"wp-image-179\" srcset=\"https:\/\/www.voxxcarpet.com\/wp-content\/uploads\/2021\/12\/VoxBanners2-1-1024x256.gif 1024w, https:\/\/www.voxxcarpet.com\/wp-content\/uploads\/2021\/12\/VoxBanners2-1-300x75.gif 300w, https:\/\/www.voxxcarpet.com\/wp-content\/uploads\/2021\/12\/VoxBanners2-1-768x192.gif 768w, https:\/\/www.voxxcarpet.com\/wp-content\/uploads\/2021\/12\/VoxBanners2-1-1536x384.gif 1536w\" sizes=\"(max-width: 1024px) 100vw, 1024px\" \/><\/figure>\n\n\n\n<figure class=\"wp-block-pullquote is-style-default\" style=\"border-color:#c3be5c\"><blockquote class=\"has-text-color has-gray-color\"><p>Address : 5. Organize Sanayi B\u00f6lgesi, 83567. Cadde, No : 8<br>\u015eehitkamil, Gaziantep, T\u00dcRK\u0130YE<\/p><p> Phone : +90 (342) 337 97 80 PBX<\/p><\/blockquote><\/figure>\n\n\n\n<iframe src=\"https:\/\/www.google.com\/maps\/embed?pb=!1m14!1m8!1m3!1d406914.01423215785!2d37.374171!3d37.176097000000006!3m2!1i1024!2i768!4f13.1!3m3!1m2!1s0x0%3A0xe7308069f087031d!2zR8O8bcO8xZ9vxJ9sdSBUZWtzdGls!5e0!3m2!1str!2str!4v1639730474445!5m2!1str!2str\" width=\"1200\" height=\"600\" style=\"border:0;\" allowfullscreen=\"\" loading=\"lazy\"><\/iframe>\n\n\n\n<div class=\"wp-block-contact-form-7-contact-form-selector\"><div role=\"form\" class=\"wpcf7\" id=\"wpcf7-f60-o1\" lang=\"tr-TR\" dir=\"ltr\">\n<div class=\"screen-reader-response\"><p role=\"status\" aria-live=\"polite\" aria-atomic=\"true\"><\/p> <ul><\/ul><\/div>\n<form action=\"\/index.php\/wp-json\/wp\/v2\/pages\/40#wpcf7-f60-o1\" method=\"post\" class=\"wpcf7-form init\" novalidate=\"novalidate\" data-status=\"init\">\n<div style=\"display: none;\">\n<input type=\"hidden\" name=\"_wpcf7\" value=\"60\" \/>\n<input type=\"hidden\" name=\"_wpcf7_version\" value=\"5.6.4\" \/>\n<input type=\"hidden\" name=\"_wpcf7_locale\" value=\"tr_TR\" \/>\n<input type=\"hidden\" name=\"_wpcf7_unit_tag\" value=\"wpcf7-f60-o1\" \/>\n<input type=\"hidden\" name=\"_wpcf7_container_post\" value=\"0\" \/>\n<input type=\"hidden\" name=\"_wpcf7_posted_data_hash\" value=\"\" \/>\n<\/div>\n<p><label> Name and Surname<br \/>\n    <span class=\"wpcf7-form-control-wrap\" data-name=\"your-name\"><input type=\"text\" name=\"your-name\" value=\"\" size=\"40\" class=\"wpcf7-form-control wpcf7-text wpcf7-validates-as-required\" aria-required=\"true\" aria-invalid=\"false\" \/><\/span> <\/label><\/p>\n<p><label> E-posta<br \/>\n    <span class=\"wpcf7-form-control-wrap\" data-name=\"your-email\"><input type=\"email\" name=\"your-email\" value=\"\" size=\"40\" class=\"wpcf7-form-control wpcf7-text wpcf7-email wpcf7-validates-as-required wpcf7-validates-as-email\" aria-required=\"true\" aria-invalid=\"false\" \/><\/span> <\/label><\/p>\n<p><label> Subject<br \/>\n    <span class=\"wpcf7-form-control-wrap\" data-name=\"your-subject\"><input type=\"text\" name=\"your-subject\" value=\"\" size=\"40\" class=\"wpcf7-form-control wpcf7-text wpcf7-validates-as-required\" aria-required=\"true\" aria-invalid=\"false\" \/><\/span> <\/label><\/p>\n<p><label> Your Message (Optional)<br \/>\n    <span class=\"wpcf7-form-control-wrap\" data-name=\"your-message\"><textarea name=\"your-message\" cols=\"40\" rows=\"10\" class=\"wpcf7-form-control wpcf7-textarea\" aria-invalid=\"false\"><\/textarea><\/span> <\/label><\/p>\n<p><label><br \/>\n<span class=\"wpcf7-form-control-wrap\" data-name=\"quiz-204\"><label><span class=\"wpcf7-quiz-label\">10\/2=?<\/span> <input type=\"text\" name=\"quiz-204\" size=\"40\" class=\"wpcf7-form-control wpcf7-quiz\" autocomplete=\"off\" aria-required=\"true\" aria-invalid=\"false\" \/><\/label><input type=\"hidden\" name=\"_wpcf7_quiz_answer_quiz-204\" value=\"b810584d16197f59520a93591bb6cfb2\" \/><\/span><\/label> <input type=\"submit\" value=\"Send Message\" class=\"wpcf7-form-control has-spinner wpcf7-submit\" \/><\/p>\n<div class=\"wpcf7-response-output\" aria-hidden=\"true\"><\/div><\/form><\/div><\/div>\n","protected":false},"excerpt":{"rendered":"<p>Address : 5. Organize Sanayi B\u00f6lgesi, 83567. Cadde, No : 8\u015eehitkamil, Gaziantep, T\u00dcRK\u0130YE Phone : +90 (342) 337 97 80 PBX<\/p>\n","protected":false},"author":1,"featured_media":0,"parent":0,"menu_order":0,"comment_status":"closed","ping_status":"closed","template":"page-templates\/wide.php","meta":{"footnotes":""},"_links":{"self":[{"href":"https:\/\/www.voxxcarpet.com\/index.php\/wp-json\/wp\/v2\/pages\/40"}],"collection":[{"href":"https:\/\/www.voxxcarpet.com\/index.php\/wp-json\/wp\/v2\/pages"}],"about":[{"href":"https:\/\/www.voxxcarpet.com\/index.php\/wp-json\/wp\/v2\/types\/page"}],"author":[{"embeddable":true,"href":"https:\/\/www.voxxcarpet.com\/index.php\/wp-json\/wp\/v2\/users\/1"}],"replies":[{"embeddable":true,"href":"https:\/\/www.voxxcarpet.com\/index.php\/wp-json\/wp\/v2\/comments?post=40"}],"version-history":[{"count":17,"href":"https:\/\/www.voxxcarpet.com\/index.php\/wp-json\/wp\/v2\/pages\/40\/revisions"}],"predecessor-version":[{"id":180,"href":"https:\/\/www.voxxcarpet.com\/index.php\/wp-json\/wp\/v2\/pages\/40\/revisions\/180"}],"wp:attachment":[{"href":"https:\/\/www.voxxcarpet.com\/index.php\/wp-json\/wp\/v2\/media?parent=40"}],"curies":[{"name":"wp","href":"https:\/\/api.w.org\/{rel}","templated":true}]}}